{"id":51235,"date":"2017-01-18T11:53:15","date_gmt":"2017-01-18T11:53:15","guid":{"rendered":"http:\/\/blog.thbhotels.com\/legal\/"},"modified":"2017-02-01T09:08:40","modified_gmt":"2017-02-01T09:08:40","slug":"legal","status":"publish","type":"page","link":"https:\/\/blog.thbhotels.com\/de\/legal\/","title":{"rendered":"Legal"},"content":{"rendered":"<h2 style=\"text-align: justify;\">Allgemeine Gebrauchsbedingungen<\/h2>\n<div class=\"body\">\n<p style=\"text-align: justify;\">Willkommen zu unserer Webseite!<\/p>\n<p style=\"text-align: justify;\">Wenn Siemit der Suche und die Nutzung dieser Webseite fortsetzen, sind Sie mit den Allgemeinen Gebrauchsbedingungen einverstanden, welche zusammen mit unserer Privat-Politik der THB Hotels in bezug auf diese Webseite beziehen.<\/p>\n<p style=\"text-align: justify;\">Die W\u00f6rter &#8222;THB hotels&#8220; oder &#8222;unser\/e&#8220; oder &#8222;wir&#8220; stehen f\u00fcr den Besitzer dieser Seite. Das Wort &#8222;Sie&#8220; steht f\u00fcr den Nutzer oder Betrachter unserer Webseite.<\/p>\n<p style=\"text-align: justify;\">Der Gebrauch dieser Webseite ist den folgenden Nutzungsbedingungenunterworfen:<\/p>\n<p style=\"text-align: justify;\">Der Inhalt der Seiten dieser Website ist f\u00fcr Ihre allgemeine Information und Gebrauch. \u00c4nderungen sind vorbehalten.<\/p>\n<p style=\"text-align: justify;\">Weder wir noch irgendwelche dritten Parteien stellen keine Garantie bereit betreffs der Genauigkeit, Rechtzeitigkeit, Leistung, Vollst\u00e4ndigkeit oder Eignung der Information die Sie hier finden oder auf dieser Webseite angeboten werden. Es ist Ihnen bewusst, dass solche Information Ungenauigkeiten oder Fehler enthalten k\u00f6nnen und wir ausdr\u00fccklich f\u00fcr irgendwelche Verbindlichkeit ausgeschlossen sind wegen dieser Ungenauigkeiten oder Fehler.<\/p>\n<p style=\"text-align: justify;\">Ihr Gebrauch jeder Information auf dieser Webseite ist v\u00f6llig auf Ihrer eigenen Gefahr, f\u00fcr die wir nicht verantwortlich sein werden. Es ist Ihre eigene Verantwortlichkeit sicherzustellen, dass irgendwelche Produkte, Dienstleistungen oder durch diese Webseite vorhandene Information Ihren spezifischen Anforderungen entsprechen.<\/p>\n<p style=\"text-align: justify;\">Diese Website enth\u00e4lt Material, das uns geh\u00f6rt oder dessen Lizenz wir besitzen. Dieses Material schlie\u00dft das Design, die Planung, das Aussehen und die Graphikein, aber es beschr\u00e4nkt sich nicht nur \u00a0auf diese Materiale. Jede Wiedererzeugung ist verboten, in \u00dcbereinstimmung mit dem Urheberrechtsvermerk, des Artikels Nr. 17 und weitere des Real Decreto 1\/1996, vom 12. April, mit dem der Texto Refundido de la Ley de Propiedad Intelectual.<\/p>\n<p style=\"text-align: justify;\">Alle in dieser Website wieder hervorgebrachten Warenzeichen, die nicht Eigentum von THB Hotels sind, oder keine Lizenz haben, werden von THB Hotels nicht anerkannt.<\/p>\n<p style=\"text-align: justify;\">Unerlaubter Gebrauch dieser Website kann zu einem Schadensersatzanspruch f\u00fchren bzw. Eine strafbare Handlung sein.<\/p>\n<p style=\"text-align: justify;\">Von Zeit zu Zeit kann diese Webseite auch Verbindungen zu anderen Webseiten einschlie\u00dfen. Diese Verbindungen werden f\u00fcr Ihre Bequemlichkeit bereitgestellt, um weitere Information zu versorgen. Sie be deuten nicht, dass wir den Inhalt dieser Webseite(n) zustimmen. Wir haben keine Verantwortlichkeit f\u00fcr den Inhalt der verbundenen Webseite(n).<\/p>\n<p style=\"text-align: justify;\">Sie k\u00f6nnen keine Verbindung zu dieser Webseite von einer anderen Webseite oder Dokument ohne vorherige schriftliche Zustimmung der THB Hotels schaffen.<\/p>\n<p style=\"text-align: justify;\">Ihr Gebrauch dieser Website und jeder Streit, der aus solchem Gebrauch der Website entstehen k\u00f6nnte, ist den Gesetzen Spaniens unterworfen und des Zust\u00e4ndichkeitsbereich des Gerichts von Inca (Mallorca).<\/p>\n<p style=\"text-align: justify;\">Dienstleistungen mit * sind je nach Verf\u00fcgbarkeit. Die Verf\u00fcgbarkeit des Dienstes wird nicht garantiert.<\/p>\n<\/div>\n","protected":false},"excerpt":{"rendered":"<p>Allgemeine Gebrauchsbedingungen Willkommen zu unserer Webseite! Wenn Siemit der Suche und die Nutzung dieser Webseite fortsetzen, sind Sie mit den Allgemeinen Gebrauchsbedingungen einverstanden, welche zusammen mit unserer Privat-Politik der THB Hotels in bezug auf diese Webseite beziehen. Die W\u00f6rter &#8222;THB hotels&#8220; oder &#8222;unser\/e&#8220; oder &#8222;wir&#8220; stehen f\u00fcr den Besitzer dieser Seite. Das Wort &#8222;Sie&#8220; steht&hellip;<\/p>\n","protected":false},"author":1,"featured_media":0,"parent":0,"menu_order":0,"comment_status":"closed","ping_status":"closed","template":"","meta":[],"class_list":["post-51235","page","type-page","status-publish","hentry","description-off"],"yoast_head":"<!-- This site is optimized with the Yoast SEO plugin v26.4 - https:\/\/yoast.com\/wordpress\/plugins\/seo\/ -->\r\n<title>Legal - Blog<\/title>\r\n<meta name=\"robots\" content=\"index, follow, max-snippet:-1, max-image-preview:large, max-video-preview:-1\" \/>\r\n<link rel=\"canonical\" href=\"https:\/\/blog.thbhotels.com\/de\/legal\/\" \/>\r\n<meta property=\"og:locale\" content=\"de_DE\" \/>\r\n<meta property=\"og:type\" content=\"article\" \/>\r\n<meta property=\"og:title\" content=\"Legal - Blog\" \/>\r\n<meta property=\"og:description\" content=\"Allgemeine Gebrauchsbedingungen Willkommen zu unserer Webseite! Wenn Siemit der Suche und die Nutzung dieser Webseite fortsetzen, sind Sie mit den Allgemeinen Gebrauchsbedingungen einverstanden, welche zusammen mit unserer Privat-Politik der THB Hotels in bezug auf diese Webseite beziehen. Die W\u00f6rter &#8222;THB hotels&#8220; oder &#8222;unser\/e&#8220; oder &#8222;wir&#8220; stehen f\u00fcr den Besitzer dieser Seite. Das Wort &#8222;Sie&#8220; steht&hellip;\" \/>\r\n<meta property=\"og:url\" content=\"https:\/\/blog.thbhotels.com\/de\/legal\/\" \/>\r\n<meta property=\"og:site_name\" content=\"Blog\" \/>\r\n<meta property=\"article:modified_time\" content=\"2017-02-01T09:08:40+00:00\" \/>\r\n<meta name=\"twitter:card\" content=\"summary_large_image\" \/>\r\n<meta name=\"twitter:label1\" content=\"Gesch\u00e4tzte Lesezeit\" \/>\n\t<meta name=\"twitter:data1\" content=\"2\u00a0Minuten\" \/>\r\n<script type=\"application\/ld+json\" class=\"yoast-schema-graph\">{\"@context\":\"https:\/\/schema.org\",\"@graph\":[{\"@type\":\"WebPage\",\"@id\":\"https:\/\/blog.thbhotels.com\/de\/legal\/\",\"url\":\"https:\/\/blog.thbhotels.com\/de\/legal\/\",\"name\":\"Legal - Blog\",\"isPartOf\":{\"@id\":\"https:\/\/blog.thbhotels.com\/es\/#website\"},\"datePublished\":\"2017-01-18T11:53:15+00:00\",\"dateModified\":\"2017-02-01T09:08:40+00:00\",\"breadcrumb\":{\"@id\":\"https:\/\/blog.thbhotels.com\/de\/legal\/#breadcrumb\"},\"inLanguage\":\"de\",\"potentialAction\":[{\"@type\":\"ReadAction\",\"target\":[\"https:\/\/blog.thbhotels.com\/de\/legal\/\"]}]},{\"@type\":\"BreadcrumbList\",\"@id\":\"https:\/\/blog.thbhotels.com\/de\/legal\/#breadcrumb\",\"itemListElement\":[{\"@type\":\"ListItem\",\"position\":1,\"name\":\"Home\",\"item\":\"https:\/\/blog.thbhotels.com\/de\/\"},{\"@type\":\"ListItem\",\"position\":2,\"name\":\"Legal\"}]},{\"@type\":\"WebSite\",\"@id\":\"https:\/\/blog.thbhotels.com\/es\/#website\",\"url\":\"https:\/\/blog.thbhotels.com\/es\/\",\"name\":\"Blog\",\"description\":\"thbhotels\",\"potentialAction\":[{\"@type\":\"SearchAction\",\"target\":{\"@type\":\"EntryPoint\",\"urlTemplate\":\"https:\/\/blog.thbhotels.com\/es\/?s={search_term_string}\"},\"query-input\":{\"@type\":\"PropertyValueSpecification\",\"valueRequired\":true,\"valueName\":\"search_term_string\"}}],\"inLanguage\":\"de\"}]}<\/script>\r\n<!-- \/ Yoast SEO plugin. -->","yoast_head_json":{"title":"Legal - Blog","robots":{"index":"index","follow":"follow","max-snippet":"max-snippet:-1","max-image-preview":"max-image-preview:large","max-video-preview":"max-video-preview:-1"},"canonical":"https:\/\/blog.thbhotels.com\/de\/legal\/","og_locale":"de_DE","og_type":"article","og_title":"Legal - Blog","og_description":"Allgemeine Gebrauchsbedingungen Willkommen zu unserer Webseite! Wenn Siemit der Suche und die Nutzung dieser Webseite fortsetzen, sind Sie mit den Allgemeinen Gebrauchsbedingungen einverstanden, welche zusammen mit unserer Privat-Politik der THB Hotels in bezug auf diese Webseite beziehen. Die W\u00f6rter &#8222;THB hotels&#8220; oder &#8222;unser\/e&#8220; oder &#8222;wir&#8220; stehen f\u00fcr den Besitzer dieser Seite. Das Wort &#8222;Sie&#8220; steht&hellip;","og_url":"https:\/\/blog.thbhotels.com\/de\/legal\/","og_site_name":"Blog","article_modified_time":"2017-02-01T09:08:40+00:00","twitter_card":"summary_large_image","twitter_misc":{"Gesch\u00e4tzte Lesezeit":"2\u00a0Minuten"},"schema":{"@context":"https:\/\/schema.org","@graph":[{"@type":"WebPage","@id":"https:\/\/blog.thbhotels.com\/de\/legal\/","url":"https:\/\/blog.thbhotels.com\/de\/legal\/","name":"Legal - Blog","isPartOf":{"@id":"https:\/\/blog.thbhotels.com\/es\/#website"},"datePublished":"2017-01-18T11:53:15+00:00","dateModified":"2017-02-01T09:08:40+00:00","breadcrumb":{"@id":"https:\/\/blog.thbhotels.com\/de\/legal\/#breadcrumb"},"inLanguage":"de","potentialAction":[{"@type":"ReadAction","target":["https:\/\/blog.thbhotels.com\/de\/legal\/"]}]},{"@type":"BreadcrumbList","@id":"https:\/\/blog.thbhotels.com\/de\/legal\/#breadcrumb","itemListElement":[{"@type":"ListItem","position":1,"name":"Home","item":"https:\/\/blog.thbhotels.com\/de\/"},{"@type":"ListItem","position":2,"name":"Legal"}]},{"@type":"WebSite","@id":"https:\/\/blog.thbhotels.com\/es\/#website","url":"https:\/\/blog.thbhotels.com\/es\/","name":"Blog","description":"thbhotels","potentialAction":[{"@type":"SearchAction","target":{"@type":"EntryPoint","urlTemplate":"https:\/\/blog.thbhotels.com\/es\/?s={search_term_string}"},"query-input":{"@type":"PropertyValueSpecification","valueRequired":true,"valueName":"search_term_string"}}],"inLanguage":"de"}]}},"_links":{"self":[{"href":"https:\/\/blog.thbhotels.com\/de\/wp-json\/wp\/v2\/pages\/51235","targetHints":{"allow":["GET"]}}],"collection":[{"href":"https:\/\/blog.thbhotels.com\/de\/wp-json\/wp\/v2\/pages"}],"about":[{"href":"https:\/\/blog.thbhotels.com\/de\/wp-json\/wp\/v2\/types\/page"}],"author":[{"embeddable":true,"href":"https:\/\/blog.thbhotels.com\/de\/wp-json\/wp\/v2\/users\/1"}],"replies":[{"embeddable":true,"href":"https:\/\/blog.thbhotels.com\/de\/wp-json\/wp\/v2\/comments?post=51235"}],"version-history":[{"count":1,"href":"https:\/\/blog.thbhotels.com\/de\/wp-json\/wp\/v2\/pages\/51235\/revisions"}],"predecessor-version":[{"id":51345,"href":"https:\/\/blog.thbhotels.com\/de\/wp-json\/wp\/v2\/pages\/51235\/revisions\/51345"}],"wp:attachment":[{"href":"https:\/\/blog.thbhotels.com\/de\/wp-json\/wp\/v2\/media?parent=51235"}],"curies":[{"name":"wp","href":"https:\/\/api.w.org\/{rel}","templated":true}]}}