{"id":51234,"date":"2017-01-18T11:51:57","date_gmt":"2017-01-18T11:51:57","guid":{"rendered":"http:\/\/blog.thbhotels.com\/aviso-legal\/"},"modified":"2017-02-01T09:09:14","modified_gmt":"2017-02-01T09:09:14","slug":"aviso-legal","status":"publish","type":"page","link":"https:\/\/blog.thbhotels.com\/es\/aviso-legal\/","title":{"rendered":"Aviso Legal"},"content":{"rendered":"<h2 style=\"text-align: justify;\">Aviso legal<\/h2>\n<div class=\"body\">\n<p style=\"text-align: justify;\">Bienvenidos a nuestra web.Al continuar su b\u00fasqueda y hacer uso de esta web, usted reconoce y acepta cumplir con los siguientes t\u00e9rminos y condiciones de uso, los cuales junto a nuestra pol\u00edtica de privacidad, rigen la relaci\u00f3n entre los Hoteles THB y usted en todo lo relacionado a esta p\u00e1gina web.<\/p>\n<p style=\"text-align: justify;\">El t\u00e9rmino &#8216;Hoteles THB&#8217; y &#8216;nosotros&#8217; se refieren al propietario de la web. El t\u00e9rmino &#8216;usted&#8217; se refiere al usuario o espectador de esta web.El uso de esta web est\u00e1 sujeto a las siguientes condiciones de uso:<\/p>\n<p style=\"text-align: justify;\">&#8211; El contenido de las p\u00e1ginas de esta web se ofrece para su informaci\u00f3n y uso general. El mismo est\u00e1 sujeto a cambios sin previa notificaci\u00f3n.<\/p>\n<p style=\"text-align: justify;\">&#8211; Ni nosotros ni cualquier tercera parte garantizamos total certeza sobre la exactitud, puntualidad, funcionamiento, integridad o utilizaci\u00f3n de la informaci\u00f3n y materiales contenidos y ofrecidos en esta p\u00e1gina web para cualquier prop\u00f3sito. Usted reconoce que dicha informaci\u00f3n y materiales podr\u00edan contener inexactitudes o errores y que nosotros expresamente nos excluimos de toda responsabilidad sobre cualquiera de estas imprecisiones o errores hasta el grado m\u00e1ximo permitido por la ley.<\/p>\n<p style=\"text-align: justify;\">&#8211; El uso por su parte de cualquier informaci\u00f3n o materiales contenidos en esta p\u00e1gina web ser\u00e1 bajo su propio riesgo, quedando nosotros exentos de toda responsabilidad. Queda bajo su responsabilidad el corroborar que los productos, servicios o informaci\u00f3n disponibles a trav\u00e9s de esta p\u00e1gina web cumplan con sus requerimientos espec\u00edficos.<\/p>\n<p style=\"text-align: justify;\">&#8211; Esta p\u00e1gina web contiene material que es propiedad de o que ha sido autorizado por nosotros. Este material incluye pero no se limita al dise\u00f1o, estructura, estilo, apariencia o artes gr\u00e1ficos. Cualquier reproducci\u00f3n queda prohibida, a menos que se nos realice una notificaci\u00f3n o comunicaci\u00f3n en base a las condiciones establecidas en el art\u00edculo 17 y concordantes del Real Decreto 1\/1996, de 12 de abril, por el que se aprueba el Texto Refundido de la Ley de Propiedad Intelectual.<\/p>\n<p style=\"text-align: justify;\">&#8211; Todas las marcas reproducidas en esta p\u00e1gina web, las cuales no son propiedad de o autorizadas por el operador, est\u00e1n debidamente reconocidas en la p\u00e1gina web.<\/p>\n<p style=\"text-align: justify;\">&#8211; El uso no autorizado de esta p\u00e1gina web podr\u00e1 ser objeto de reclamaciones por da\u00f1os y\/o una ofensa criminal.<\/p>\n<p style=\"text-align: justify;\">&#8211; En ocasiones esta p\u00e1gina web puede incluir enlaces a otras p\u00e1ginas web. Estos enlaces se proveen para su conveniencia y ofrecerle mayor informaci\u00f3n. Esto no significa que garanticemos la veracidad de estas p\u00e1ginas web. No somos responsables del contenido de estos enlaces.\u2022 Usted no podr\u00e1 crear un enlace de esta p\u00e1gina web a ninguna otra o documento sin el consentimiento previo y escrito de Hoteles THB.<\/p>\n<p style=\"text-align: justify;\">&#8211; El uso de esta p\u00e1gina web y cualquier disputa que pueda surgir a ra\u00edz del uso de la misma estar\u00e1n sujetas a las disposiciones de las Leyes espa\u00f1olas y se otorga jurisdicci\u00f3n exclusiva a los Juzgados de Inca (Mallorca), renunciando las partes a cualquier otro foro que pudieran ostentar.<\/p>\n<p style=\"text-align: justify;\">\n<p style=\"text-align: justify;\">&#8211;\u00a0THB hotels quiere poner en conocimiento de sus clientes que ha presentado denuncia contra las URL \u00a0http:\/\/thb-el-cid.playa-de-palma.hotels-in-mallorca.net\/es\/ y http:\/\/apartamentos-thb-don-paco-castilla.puerto-del-carmen.hotels-canary-islands.com\/es\/ \u00a0ante la imposibilidad de poder contactar con los responsables de la misma y poder rectificar as\u00ed la informaci\u00f3n incorrecta en las citadas p\u00e1ginas.<\/p>\n<p style=\"text-align: justify;\">\n<p style=\"text-align: justify;\">&#8211; El uso de los c\u00f3digos descuento: Los descuentos ser\u00e1n enviados desde THB a los clientes concretos y\/o a las empresas con las que se haya pactado este sistema de descuento. Toda persona que se beneficie de estos c\u00f3digos descuentos deber\u00e1 demostrar mediante el email recibido o su n\u00famero de empleado o bien la referencia que se indicar\u00e1 de forma aut\u00f3noma e independiente para cada uno de los descuentos y per\u00edodos concretos en los que se hagan las ofertas.<\/p>\n<p style=\"text-align: justify;\">\n<p style=\"text-align: justify;\">&#8211; Los servicios de hoteles marcados con (*) est\u00e1n siempre sujetos a disponibilidad y no se garantiza la posibilidad de hacer uso de los mismos.<\/p>\n<\/div>\n","protected":false},"excerpt":{"rendered":"<p>Aviso legal Bienvenidos a nuestra web.Al continuar su b\u00fasqueda y hacer uso de esta web, usted reconoce y acepta cumplir con los siguientes t\u00e9rminos y condiciones de uso, los cuales junto a nuestra pol\u00edtica de privacidad, rigen la relaci\u00f3n entre los Hoteles THB y usted en todo lo relacionado a esta p\u00e1gina web. El t\u00e9rmino&hellip;<\/p>\n","protected":false},"author":1,"featured_media":0,"parent":0,"menu_order":0,"comment_status":"closed","ping_status":"closed","template":"","meta":[],"class_list":["post-51234","page","type-page","status-publish","hentry","description-off"],"yoast_head":"<!-- This site is optimized with the Yoast SEO plugin v26.4 - https:\/\/yoast.com\/wordpress\/plugins\/seo\/ -->\r\n<title>Aviso Legal - Blog<\/title>\r\n<meta name=\"robots\" content=\"index, follow, max-snippet:-1, max-image-preview:large, max-video-preview:-1\" \/>\r\n<link rel=\"canonical\" href=\"https:\/\/blog.thbhotels.com\/es\/aviso-legal\/\" \/>\r\n<meta property=\"og:locale\" content=\"es_ES\" \/>\r\n<meta property=\"og:type\" content=\"article\" \/>\r\n<meta property=\"og:title\" content=\"Aviso Legal - Blog\" \/>\r\n<meta property=\"og:description\" content=\"Aviso legal Bienvenidos a nuestra web.Al continuar su b\u00fasqueda y hacer uso de esta web, usted reconoce y acepta cumplir con los siguientes t\u00e9rminos y condiciones de uso, los cuales junto a nuestra pol\u00edtica de privacidad, rigen la relaci\u00f3n entre los Hoteles THB y usted en todo lo relacionado a esta p\u00e1gina web. El t\u00e9rmino&hellip;\" \/>\r\n<meta property=\"og:url\" content=\"https:\/\/blog.thbhotels.com\/es\/aviso-legal\/\" \/>\r\n<meta property=\"og:site_name\" content=\"Blog\" \/>\r\n<meta property=\"article:modified_time\" content=\"2017-02-01T09:09:14+00:00\" \/>\r\n<meta name=\"twitter:card\" content=\"summary_large_image\" \/>\r\n<meta name=\"twitter:label1\" content=\"Tiempo de lectura\" \/>\n\t<meta name=\"twitter:data1\" content=\"3 minutos\" \/>\r\n<script type=\"application\/ld+json\" class=\"yoast-schema-graph\">{\"@context\":\"https:\/\/schema.org\",\"@graph\":[{\"@type\":\"WebPage\",\"@id\":\"https:\/\/blog.thbhotels.com\/es\/aviso-legal\/\",\"url\":\"https:\/\/blog.thbhotels.com\/es\/aviso-legal\/\",\"name\":\"Aviso Legal - Blog\",\"isPartOf\":{\"@id\":\"https:\/\/blog.thbhotels.com\/es\/#website\"},\"datePublished\":\"2017-01-18T11:51:57+00:00\",\"dateModified\":\"2017-02-01T09:09:14+00:00\",\"breadcrumb\":{\"@id\":\"https:\/\/blog.thbhotels.com\/es\/aviso-legal\/#breadcrumb\"},\"inLanguage\":\"es\",\"potentialAction\":[{\"@type\":\"ReadAction\",\"target\":[\"https:\/\/blog.thbhotels.com\/es\/aviso-legal\/\"]}]},{\"@type\":\"BreadcrumbList\",\"@id\":\"https:\/\/blog.thbhotels.com\/es\/aviso-legal\/#breadcrumb\",\"itemListElement\":[{\"@type\":\"ListItem\",\"position\":1,\"name\":\"Home\",\"item\":\"https:\/\/blog.thbhotels.com\/es\/\"},{\"@type\":\"ListItem\",\"position\":2,\"name\":\"Aviso Legal\"}]},{\"@type\":\"WebSite\",\"@id\":\"https:\/\/blog.thbhotels.com\/es\/#website\",\"url\":\"https:\/\/blog.thbhotels.com\/es\/\",\"name\":\"Blog\",\"description\":\"thbhotels\",\"potentialAction\":[{\"@type\":\"SearchAction\",\"target\":{\"@type\":\"EntryPoint\",\"urlTemplate\":\"https:\/\/blog.thbhotels.com\/es\/?s={search_term_string}\"},\"query-input\":{\"@type\":\"PropertyValueSpecification\",\"valueRequired\":true,\"valueName\":\"search_term_string\"}}],\"inLanguage\":\"es\"}]}<\/script>\r\n<!-- \/ Yoast SEO plugin. -->","yoast_head_json":{"title":"Aviso Legal - Blog","robots":{"index":"index","follow":"follow","max-snippet":"max-snippet:-1","max-image-preview":"max-image-preview:large","max-video-preview":"max-video-preview:-1"},"canonical":"https:\/\/blog.thbhotels.com\/es\/aviso-legal\/","og_locale":"es_ES","og_type":"article","og_title":"Aviso Legal - Blog","og_description":"Aviso legal Bienvenidos a nuestra web.Al continuar su b\u00fasqueda y hacer uso de esta web, usted reconoce y acepta cumplir con los siguientes t\u00e9rminos y condiciones de uso, los cuales junto a nuestra pol\u00edtica de privacidad, rigen la relaci\u00f3n entre los Hoteles THB y usted en todo lo relacionado a esta p\u00e1gina web. El t\u00e9rmino&hellip;","og_url":"https:\/\/blog.thbhotels.com\/es\/aviso-legal\/","og_site_name":"Blog","article_modified_time":"2017-02-01T09:09:14+00:00","twitter_card":"summary_large_image","twitter_misc":{"Tiempo de lectura":"3 minutos"},"schema":{"@context":"https:\/\/schema.org","@graph":[{"@type":"WebPage","@id":"https:\/\/blog.thbhotels.com\/es\/aviso-legal\/","url":"https:\/\/blog.thbhotels.com\/es\/aviso-legal\/","name":"Aviso Legal - Blog","isPartOf":{"@id":"https:\/\/blog.thbhotels.com\/es\/#website"},"datePublished":"2017-01-18T11:51:57+00:00","dateModified":"2017-02-01T09:09:14+00:00","breadcrumb":{"@id":"https:\/\/blog.thbhotels.com\/es\/aviso-legal\/#breadcrumb"},"inLanguage":"es","potentialAction":[{"@type":"ReadAction","target":["https:\/\/blog.thbhotels.com\/es\/aviso-legal\/"]}]},{"@type":"BreadcrumbList","@id":"https:\/\/blog.thbhotels.com\/es\/aviso-legal\/#breadcrumb","itemListElement":[{"@type":"ListItem","position":1,"name":"Home","item":"https:\/\/blog.thbhotels.com\/es\/"},{"@type":"ListItem","position":2,"name":"Aviso Legal"}]},{"@type":"WebSite","@id":"https:\/\/blog.thbhotels.com\/es\/#website","url":"https:\/\/blog.thbhotels.com\/es\/","name":"Blog","description":"thbhotels","potentialAction":[{"@type":"SearchAction","target":{"@type":"EntryPoint","urlTemplate":"https:\/\/blog.thbhotels.com\/es\/?s={search_term_string}"},"query-input":{"@type":"PropertyValueSpecification","valueRequired":true,"valueName":"search_term_string"}}],"inLanguage":"es"}]}},"_links":{"self":[{"href":"https:\/\/blog.thbhotels.com\/es\/wp-json\/wp\/v2\/pages\/51234","targetHints":{"allow":["GET"]}}],"collection":[{"href":"https:\/\/blog.thbhotels.com\/es\/wp-json\/wp\/v2\/pages"}],"about":[{"href":"https:\/\/blog.thbhotels.com\/es\/wp-json\/wp\/v2\/types\/page"}],"author":[{"embeddable":true,"href":"https:\/\/blog.thbhotels.com\/es\/wp-json\/wp\/v2\/users\/1"}],"replies":[{"embeddable":true,"href":"https:\/\/blog.thbhotels.com\/es\/wp-json\/wp\/v2\/comments?post=51234"}],"version-history":[{"count":1,"href":"https:\/\/blog.thbhotels.com\/es\/wp-json\/wp\/v2\/pages\/51234\/revisions"}],"predecessor-version":[{"id":51346,"href":"https:\/\/blog.thbhotels.com\/es\/wp-json\/wp\/v2\/pages\/51234\/revisions\/51346"}],"wp:attachment":[{"href":"https:\/\/blog.thbhotels.com\/es\/wp-json\/wp\/v2\/media?parent=51234"}],"curies":[{"name":"wp","href":"https:\/\/api.w.org\/{rel}","templated":true}]}}